{"id":118,"date":"2018-12-08T15:19:28","date_gmt":"2018-12-08T14:19:28","guid":{"rendered":"http:\/\/miejscewchaosie.pl\/?page_id=118"},"modified":"2018-12-08T15:46:40","modified_gmt":"2018-12-08T14:46:40","slug":"glowna","status":"publish","type":"page","link":"https:\/\/miejscewchaosie.pl\/","title":{"rendered":"Wst\u0119p"},"content":{"rendered":"\r\n<p>Nie b\u0119d\u0119 robi\u0142 jakich\u015b nie wiadomo jak wyszukanych wst\u0119p\u00f3w &#8211; ta strona jest postawiona dlatego, \u017ce uzna\u0142em tak\u0105 form\u0119 za w\u0142a\u015bciw\u0105 do wylewania swoich my\u015bli i frustracji (najcz\u0119\u015bciej) poza moj\u0105 g\u0142ow\u0119. Proste? wydaje mi si\u0119, \u017ce tak.<\/p>\r\n<p>Przede wszystkim chce \u017ceby\u015b wiedzia\u0142\/-\u0142a, \u017ce:<\/p>\r\n<ul>\r\n<li>Materia\u0142y tutaj umieszczane to moja w\u0142asno\u015b\u0107 intelektualna i nie pozwalam jej kopiowa\u0107 i wykorzystywa\u0107 bez mojej zgody.<\/li>\r\n<li>My\u015bli i wnioski zapisane we wnioskach to moja sprawa &#8211; mo\u017cesz si\u0119 z ni\u0105 nie zgadza\u0107 i tak samo, jak ja mam prawo do wolno\u015bci s\u0142owa, tak Ty masz prawo do odmiennego zdania.<\/li>\r\n<li>Przeczytaj, przemy\u015bl i \u017cyj dalej &#8211; to nie jest kolejny poradnik jak masz \u017cy\u0107 i jak masz swoim \u017cyciem pokierowa\u0107. Je\u015bli chcesz to uwzgl\u0119dnij to co tutaj znajdziesz, ale nikt do tego Ci\u0119 nie zmusza.<\/li>\r\n<li>Mog\u0105 znale\u017a\u0107 si\u0119 tutaj wyra\u017cenia uznawane powszechnie za wulgarne wi\u0119c&#8230; c\u00f3\u017c &#8211; to moja sprawa i moja odpowiedzialno\u015b\u0107 wi\u0119c uprzedzam tylko.<\/li>\r\n<\/ul>\r\n\r\n\r\n\r\n<p>Jak my\u015blisz inaczej, nie zgadzasz si\u0119 z tym co powy\u017cej to zapraszam Ci\u0119 do opuszczenia tej strony &#8211; Internet jest tak wielki, \u017ce na pewno znajdziesz co\u015b bardziej odpowiedniego dla siebie i nie stracisz czasu na t\u0105 stron\u0119. Pozostali wchodz\u0105 na w\u0142asn\u0105 odpowiedzialno\u015b\u0107.<\/p>\r\n","protected":false},"excerpt":{"rendered":"<p>Nie b\u0119d\u0119 robi\u0142 jakich\u015b nie wiadomo jak wyszukanych wst\u0119p\u00f3w &#8211; ta strona jest postawiona dlatego, \u017ce uzna\u0142em tak\u0105 form\u0119 za w\u0142a\u015bciw\u0105 do wylewania swoich my\u015bli i frustracji (najcz\u0119\u015bciej) poza moj\u0105 g\u0142ow\u0119. Proste? wydaje mi si\u0119, \u017ce tak. Przede wszystkim chce \u017ceby\u015b wiedzia\u0142\/-\u0142a, \u017ce: Materia\u0142y tutaj umieszczane to moja w\u0142asno\u015b\u0107 intelektualna i nie pozwalam jej kopiowa\u0107 [&hellip;]<\/p>\n","protected":false},"author":1,"featured_media":0,"parent":0,"menu_order":0,"comment_status":"closed","ping_status":"closed","template":"","meta":{"footnotes":""},"class_list":["post-118","page","type-page","status-publish","hentry"],"jetpack_sharing_enabled":true,"_links":{"self":[{"href":"https:\/\/miejscewchaosie.pl\/index.php?rest_route=\/wp\/v2\/pages\/118","targetHints":{"allow":["GET"]}}],"collection":[{"href":"https:\/\/miejscewchaosie.pl\/index.php?rest_route=\/wp\/v2\/pages"}],"about":[{"href":"https:\/\/miejscewchaosie.pl\/index.php?rest_route=\/wp\/v2\/types\/page"}],"author":[{"embeddable":true,"href":"https:\/\/miejscewchaosie.pl\/index.php?rest_route=\/wp\/v2\/users\/1"}],"replies":[{"embeddable":true,"href":"https:\/\/miejscewchaosie.pl\/index.php?rest_route=%2Fwp%2Fv2%2Fcomments&post=118"}],"version-history":[{"count":3,"href":"https:\/\/miejscewchaosie.pl\/index.php?rest_route=\/wp\/v2\/pages\/118\/revisions"}],"predecessor-version":[{"id":123,"href":"https:\/\/miejscewchaosie.pl\/index.php?rest_route=\/wp\/v2\/pages\/118\/revisions\/123"}],"wp:attachment":[{"href":"https:\/\/miejscewchaosie.pl\/index.php?rest_route=%2Fwp%2Fv2%2Fmedia&parent=118"}],"curies":[{"name":"wp","href":"https:\/\/api.w.org\/{rel}","templated":true}]}}