{"id":21,"date":"2018-10-31T00:26:27","date_gmt":"2018-10-30T23:26:27","guid":{"rendered":"http:\/\/miejscewchaosie.pl\/?page_id=21"},"modified":"2019-01-14T22:16:11","modified_gmt":"2019-01-14T21:16:11","slug":"kontakt","status":"publish","type":"page","link":"https:\/\/miejscewchaosie.pl\/?page_id=21","title":{"rendered":"Kontakt"},"content":{"rendered":"<p style=\"text-align: left;\">Je\u015bli masz jakie\u015b uwagi do strony, b\u0105d\u017a chcia\u0142by\u015b o co\u015b zapyta\u0107 &#8211; poni\u017cszy formularz daje Ci do tego mo\u017cliwo\u015b\u0107. Pami\u0119taj jednak, \u017ce:<\/p>\n<ul style=\"text-align: left;\">\n<li>nie musz\u0119 na wszystkie wiadomo\u015bci reagowa\u0107<\/li>\n<li>nie koniecznie szybko mog\u0119 odpisa\u0107<\/li>\n<li>je\u015bli masz jakie\u015b frustracje do pokazania to chyba od razu mo\u017cesz nastawi\u0107 si\u0119 na brak odpowiedzi<\/li>\n<\/ul>\n<p style=\"text-align: left;\">Uwzgl\u0119dniaj\u0105c to co powy\u017cej zapraszam do kontaktu:<\/p>\n<p style=\"text-align: left;\">\n<div class=\"wpcf7 no-js\" id=\"wpcf7-f69-o1\" lang=\"pl-PL\" dir=\"ltr\" data-wpcf7-id=\"69\">\n<div class=\"screen-reader-response\"><p role=\"status\" aria-live=\"polite\" aria-atomic=\"true\"><\/p> <ul><\/ul><\/div>\n<form action=\"\/index.php?rest_route=%2Fwp%2Fv2%2Fpages%2F21#wpcf7-f69-o1\" method=\"post\" class=\"wpcf7-form init\" aria-label=\"Formularz kontaktowy\" novalidate=\"novalidate\" data-status=\"init\">\n<fieldset class=\"hidden-fields-container\"><input type=\"hidden\" name=\"_wpcf7\" value=\"69\" \/><input type=\"hidden\" name=\"_wpcf7_version\" value=\"6.1.4\" \/><input type=\"hidden\" name=\"_wpcf7_locale\" value=\"pl_PL\" \/><input type=\"hidden\" name=\"_wpcf7_unit_tag\" value=\"wpcf7-f69-o1\" \/><input type=\"hidden\" name=\"_wpcf7_container_post\" value=\"0\" \/><input type=\"hidden\" name=\"_wpcf7_posted_data_hash\" value=\"\" \/>\n<\/fieldset>\n<p><label> Imi\u0119 i nazwisko (wymagane)<br \/>\n<span class=\"wpcf7-form-control-wrap\" data-name=\"your-name\"><input size=\"40\" maxlength=\"400\" class=\"wpcf7-form-control wpcf7-text wpcf7-validates-as-required\" aria-required=\"true\" aria-invalid=\"false\" value=\"\" type=\"text\" name=\"your-name\" \/><\/span> <\/label>\n<\/p>\n<p><label> Adres email (wymagane)<br \/>\n<span class=\"wpcf7-form-control-wrap\" data-name=\"your-email\"><input size=\"40\" maxlength=\"400\" class=\"wpcf7-form-control wpcf7-email wpcf7-validates-as-required wpcf7-text wpcf7-validates-as-email\" aria-required=\"true\" aria-invalid=\"false\" value=\"\" type=\"email\" name=\"your-email\" \/><\/span> <\/label>\n<\/p>\n<p><label> Temat<br \/>\n<span class=\"wpcf7-form-control-wrap\" data-name=\"your-subject\"><input size=\"40\" maxlength=\"400\" class=\"wpcf7-form-control wpcf7-text\" aria-invalid=\"false\" value=\"\" type=\"text\" name=\"your-subject\" \/><\/span> <\/label>\n<\/p>\n<p><label> Tre\u015b\u0107 wiadomo\u015bci<br \/>\n<span class=\"wpcf7-form-control-wrap\" data-name=\"your-message\"><textarea cols=\"40\" rows=\"10\" maxlength=\"2000\" class=\"wpcf7-form-control wpcf7-textarea\" aria-invalid=\"false\" name=\"your-message\"><\/textarea><\/span> <\/label>\n<\/p>\n<p><input class=\"wpcf7-form-control wpcf7-submit has-spinner\" type=\"submit\" value=\"Wy\u015blij\" \/>\n<\/p><div class=\"wpcf7-response-output\" aria-hidden=\"true\"><\/div>\n<\/form>\n<\/div>\n<\/p>\n","protected":false},"excerpt":{"rendered":"<p>Je\u015bli masz jakie\u015b uwagi do strony, b\u0105d\u017a chcia\u0142by\u015b o co\u015b zapyta\u0107 &#8211; poni\u017cszy formularz daje Ci do tego mo\u017cliwo\u015b\u0107. Pami\u0119taj jednak, \u017ce: nie musz\u0119 na wszystkie wiadomo\u015bci reagowa\u0107 nie koniecznie szybko mog\u0119 odpisa\u0107 je\u015bli masz jakie\u015b frustracje do pokazania to chyba od razu mo\u017cesz nastawi\u0107 si\u0119 na brak odpowiedzi Uwzgl\u0119dniaj\u0105c to co powy\u017cej zapraszam do [&hellip;]<\/p>\n","protected":false},"author":1,"featured_media":0,"parent":0,"menu_order":0,"comment_status":"closed","ping_status":"closed","template":"","meta":{"footnotes":""},"class_list":["post-21","page","type-page","status-publish","hentry"],"jetpack_sharing_enabled":true,"_links":{"self":[{"href":"https:\/\/miejscewchaosie.pl\/index.php?rest_route=\/wp\/v2\/pages\/21","targetHints":{"allow":["GET"]}}],"collection":[{"href":"https:\/\/miejscewchaosie.pl\/index.php?rest_route=\/wp\/v2\/pages"}],"about":[{"href":"https:\/\/miejscewchaosie.pl\/index.php?rest_route=\/wp\/v2\/types\/page"}],"author":[{"embeddable":true,"href":"https:\/\/miejscewchaosie.pl\/index.php?rest_route=\/wp\/v2\/users\/1"}],"replies":[{"embeddable":true,"href":"https:\/\/miejscewchaosie.pl\/index.php?rest_route=%2Fwp%2Fv2%2Fcomments&post=21"}],"version-history":[{"count":7,"href":"https:\/\/miejscewchaosie.pl\/index.php?rest_route=\/wp\/v2\/pages\/21\/revisions"}],"predecessor-version":[{"id":136,"href":"https:\/\/miejscewchaosie.pl\/index.php?rest_route=\/wp\/v2\/pages\/21\/revisions\/136"}],"wp:attachment":[{"href":"https:\/\/miejscewchaosie.pl\/index.php?rest_route=%2Fwp%2Fv2%2Fmedia&parent=21"}],"curies":[{"name":"wp","href":"https:\/\/api.w.org\/{rel}","templated":true}]}}